{"id":1033,"date":"2023-07-31T03:52:02","date_gmt":"2023-07-31T03:52:02","guid":{"rendered":"https:\/\/wphix.com\/wp\/portx\/?post_type=product&amp;p=1033"},"modified":"2023-07-31T03:52:02","modified_gmt":"2023-07-31T03:52:02","slug":"winter-fat-shirt","status":"publish","type":"product","link":"https:\/\/www.kaaninternational.net\/pl\/product\/winter-fat-shirt\/","title":{"rendered":"Zimowa gruba koszula"},"content":{"rendered":"<p>Lorem ipsum dolor sit amet, consectetur adipiscing elit. Curabitur vulputate vestibulum Phasellus rhoncus, dolor eget viverra pretium, dolor tellus aliquet nunc, vitae ultricies erat elit eu lacus. Vestibulum non justo consectetur, cursus ante, tincidunt sapien. Nulla quis diam sit amet turpis interdum accumsan quis nec enim. Vivamus faucibus ex sed nibh egestas elementum. Mauris et bibendum dui. Aenean consequat pulvinar luctus. Suspendisse consectetur tristique tortor<\/p>\n<p>Obs\u0142ugiwali\u015bmy wiele wydarze\u0144 specjalnych, takich jak fajerwerki, targi, parady, wy\u015bcigi, spacery, ceremonie wr\u0119czenia nagr\u00f3d, pokazy mody, wydarzenia sportowe, a nawet nabo\u017ce\u0144stwa \u017ca\u0142obne.Lorem ipsum dolor sit amet, consectetur adipiscing elit. Curabitur vulputate vestibulum Phasellus rhoncus, dolor eget viverra pretium, dolor tellus aliquet nunc, vitae ultricies erat elit eu lacus. Vestibulum non justo consectetur, cursus ante, tincidunt sapien. Nulla quis diam sit amet turpis interdum accumsan quis nec enim. Vivamus faucibus ex sed nibh egestas elementum. Mauris et bibendum dui. Aenean consequat pulvinar luctus. Suspendisse consectetur<\/p>","protected":false},"excerpt":{"rendered":"<p>Lorem ipsum dolor sit amet, consectetur adipiscing elit. Curabitur vulputate vestibulum Phasellus rhoncus, dolor eget viverra pretium, dolor tellus aliquet nunc.<\/p>","protected":false},"featured_media":1039,"comment_status":"open","ping_status":"closed","template":"","meta":[],"product_brand":[],"product_cat":[31,33],"product_tag":[],"class_list":{"0":"post-1033","1":"product","2":"type-product","3":"status-publish","4":"has-post-thumbnail","6":"product_cat-ladis","7":"product_cat-work-dress","9":"first","10":"instock","11":"sale","12":"shipping-taxable","13":"purchasable","14":"product-type-simple"},"_links":{"self":[{"href":"https:\/\/www.kaaninternational.net\/pl\/wp-json\/wp\/v2\/product\/1033","targetHints":{"allow":["GET"]}}],"collection":[{"href":"https:\/\/www.kaaninternational.net\/pl\/wp-json\/wp\/v2\/product"}],"about":[{"href":"https:\/\/www.kaaninternational.net\/pl\/wp-json\/wp\/v2\/types\/product"}],"replies":[{"embeddable":true,"href":"https:\/\/www.kaaninternational.net\/pl\/wp-json\/wp\/v2\/comments?post=1033"}],"wp:featuredmedia":[{"embeddable":true,"href":"https:\/\/www.kaaninternational.net\/pl\/wp-json\/wp\/v2\/media\/1039"}],"wp:attachment":[{"href":"https:\/\/www.kaaninternational.net\/pl\/wp-json\/wp\/v2\/media?parent=1033"}],"wp:term":[{"taxonomy":"product_brand","embeddable":true,"href":"https:\/\/www.kaaninternational.net\/pl\/wp-json\/wp\/v2\/product_brand?post=1033"},{"taxonomy":"product_cat","embeddable":true,"href":"https:\/\/www.kaaninternational.net\/pl\/wp-json\/wp\/v2\/product_cat?post=1033"},{"taxonomy":"product_tag","embeddable":true,"href":"https:\/\/www.kaaninternational.net\/pl\/wp-json\/wp\/v2\/product_tag?post=1033"}],"curies":[{"name":"wp","href":"https:\/\/api.w.org\/{rel}","templated":true}]}}