{"id":42,"date":"2023-06-23T03:54:33","date_gmt":"2023-06-23T03:54:33","guid":{"rendered":"https:\/\/wphix.com\/wp\/portx\/?page_id=42"},"modified":"2024-12-03T10:28:15","modified_gmt":"2024-12-03T10:28:15","slug":"service","status":"publish","type":"page","link":"https:\/\/www.kaaninternational.net\/pl\/service\/","title":{"rendered":"Us\u0142uga"},"content":{"rendered":"<div data-elementor-type=\"wp-page\" data-elementor-id=\"42\" class=\"elementor elementor-42\" data-elementor-post-type=\"page\">\n\t\t\t\t\t\t<section class=\"elementor-section elementor-top-section elementor-element elementor-element-8293824 elementor-section-full_width elementor-section-height-default elementor-section-height-default\" data-id=\"8293824\" data-element_type=\"section\" data-e-type=\"section\">\n\t\t\t\t\t\t<div class=\"elementor-container elementor-column-gap-no\">\n\t\t\t\t\t<div class=\"elementor-column elementor-col-100 elementor-top-column elementor-element elementor-element-6b0b02e\" data-id=\"6b0b02e\" data-element_type=\"column\" data-e-type=\"column\">\n\t\t\t<div class=\"elementor-widget-wrap elementor-element-populated\">\n\t\t\t\t\t\t<div class=\"elementor-element elementor-element-05928bd elementor-widget elementor-widget-services\" data-id=\"05928bd\" data-element_type=\"widget\" data-e-type=\"widget\" data-widget_type=\"services.default\">\n\t\t\t\t<div class=\"elementor-widget-container\">\n\t\t\t\t\t\r\n\r\n<section class=\"services-area pb-40 tp-el-section\">\r\n    <div class=\"container\">\r\n        <div class=\"row\">\r\n            <div class=\"col-xl-12\">\r\n                <div class=\"blog-section-title text-center z-index  pb-40\">\r\n                                                                            <\/div>\r\n            <\/div>\r\n        <\/div>\r\n        <div class=\"row\">\r\n\r\n                        <div class=\"col-xl-4 col-lg-6 col-md-6 col-sm-12\">\r\n\r\n                                <div class=\"tp-services-3__item p-relative mb-30 z-index-1 wow fadeInUp\" data-wow-duration=\"0.9s\" data-wow-delay=\"0.3s\">\r\n                \r\n                                        <div class=\"tp-services-3__thumb p-relative\">\r\n                        <img decoding=\"async\" class=\"w-100\" src=\"https:\/\/www.kaaninternational.net\/wp-content\/uploads\/2023\/07\/services-1.jpg\" alt=\"\">\r\n                    <\/div>\r\n                    \r\n                    <div class=\"tp-services-3__wrap d-flex align-items-start\">\r\n\r\n                                                                                <div class=\"tp-services-3__icon\">\r\n                                <span><i aria-hidden=\"true\" class=\"tp flaticon-plane-1\"><\/i><\/span>\r\n                            <\/div>\r\n                                                    \r\n                        <div class=\"tp-services-3__content\">\r\n\r\n                                                        <h3 class=\"tp-services-3-title-3\">\r\n                                                                <a href=\"https:\/\/wphix.com\/wp\/portx\/tp-services\/air-freight\/\">Transport lotniczy<\/a>\r\n                                                            <\/h3>\r\n                                                                                    <p>Fracht lotniczy to najszybszy spos\u00f3b transportu towar\u00f3w<\/p>\r\n                                                                                    <div class=\"tp-services-3__btn\">\r\n                                <a class=\"tp-services-btn\" href=\"https:\/\/wphix.com\/wp\/portx\/tp-services\/air-freight\/\">CZYTAJ WI\u0118CEJ<i\r\n                                    class=\"fa-sharp fa-regular fa-arrow-right\"><\/i><\/a>\r\n                            <\/div>\r\n                                                    <\/div>\r\n                    <\/div>\r\n                <\/div>\r\n            <\/div>\r\n                        <div class=\"col-xl-4 col-lg-6 col-md-6 col-sm-12\">\r\n\r\n                                <div class=\"tp-services-3__item p-relative mb-30 z-index-1 wow fadeInUp\" data-wow-duration=\"0.9s\" data-wow-delay=\"0.5s\">\r\n                \r\n                                        <div class=\"tp-services-3__thumb p-relative\">\r\n                        <img decoding=\"async\" class=\"w-100\" src=\"https:\/\/www.kaaninternational.net\/wp-content\/uploads\/2023\/07\/services-2.jpg\" alt=\"\">\r\n                    <\/div>\r\n                    \r\n                    <div class=\"tp-services-3__wrap d-flex align-items-start\">\r\n\r\n                                                                                <div class=\"tp-services-3__icon\">\r\n                                <span><i aria-hidden=\"true\" class=\"tp flaticon-truck-1\"><\/i><\/span>\r\n                            <\/div>\r\n                                                    \r\n                        <div class=\"tp-services-3__content\">\r\n\r\n                                                        <h3 class=\"tp-services-3-title-3\">\r\n                                                                <a href=\"https:\/\/wphix.com\/wp\/portx\/tp-services\/air-freight\/\">Fracht drogowy<\/a>\r\n                                                            <\/h3>\r\n                                                                                    <p>Fracht lotniczy to najszybszy spos\u00f3b transportu towar\u00f3w<\/p>\r\n                                                                                    <div class=\"tp-services-3__btn\">\r\n                                <a class=\"tp-services-btn\" href=\"https:\/\/wphix.com\/wp\/portx\/tp-services\/air-freight\/\">CZYTAJ WI\u0118CEJ<i\r\n                                    class=\"fa-sharp fa-regular fa-arrow-right\"><\/i><\/a>\r\n                            <\/div>\r\n                                                    <\/div>\r\n                    <\/div>\r\n                <\/div>\r\n            <\/div>\r\n                        <div class=\"col-xl-4 col-lg-6 col-md-6 col-sm-12\">\r\n\r\n                                <div class=\"tp-services-3__item p-relative mb-30 z-index-1 wow fadeInUp\" data-wow-duration=\"0.9s\" data-wow-delay=\"0.7s\">\r\n                \r\n                                        <div class=\"tp-services-3__thumb p-relative\">\r\n                        <img decoding=\"async\" class=\"w-100\" src=\"https:\/\/www.kaaninternational.net\/wp-content\/uploads\/2023\/07\/services-3.jpg\" alt=\"\">\r\n                    <\/div>\r\n                    \r\n                    <div class=\"tp-services-3__wrap d-flex align-items-start\">\r\n\r\n                                                                                <div class=\"tp-services-3__icon\">\r\n                                <span><i aria-hidden=\"true\" class=\"tp flaticon-cruise\"><\/i><\/span>\r\n                            <\/div>\r\n                                                    \r\n                        <div class=\"tp-services-3__content\">\r\n\r\n                                                        <h3 class=\"tp-services-3-title-3\">\r\n                                                                <a href=\"https:\/\/wphix.com\/wp\/portx\/tp-services\/air-freight\/\">Fracht morski<\/a>\r\n                                                            <\/h3>\r\n                                                                                    <p>Fracht lotniczy to najszybszy spos\u00f3b transportu towar\u00f3w<\/p>\r\n                                                                                    <div class=\"tp-services-3__btn\">\r\n                                <a class=\"tp-services-btn\" href=\"https:\/\/wphix.com\/wp\/portx\/tp-services\/air-freight\/\">CZYTAJ WI\u0118CEJ<i\r\n                                    class=\"fa-sharp fa-regular fa-arrow-right\"><\/i><\/a>\r\n                            <\/div>\r\n                                                    <\/div>\r\n                    <\/div>\r\n                <\/div>\r\n            <\/div>\r\n                        <div class=\"col-xl-4 col-lg-6 col-md-6 col-sm-12\">\r\n\r\n                                <div class=\"tp-services-3__item p-relative mb-30 z-index-1 wow fadeInUp\" data-wow-duration=\"0.9s\" data-wow-delay=\"0.9s\">\r\n                \r\n                                        <div class=\"tp-services-3__thumb p-relative\">\r\n                        <img decoding=\"async\" class=\"w-100\" src=\"https:\/\/www.kaaninternational.net\/wp-content\/uploads\/2023\/07\/services-4.jpg\" alt=\"\">\r\n                    <\/div>\r\n                    \r\n                    <div class=\"tp-services-3__wrap d-flex align-items-start\">\r\n\r\n                                                                                <div class=\"tp-services-3__icon\">\r\n                                <span><i aria-hidden=\"true\" class=\"tp flaticon-train\"><\/i><\/span>\r\n                            <\/div>\r\n                                                    \r\n                        <div class=\"tp-services-3__content\">\r\n\r\n                                                        <h3 class=\"tp-services-3-title-3\">\r\n                                                                <a href=\"https:\/\/wphix.com\/wp\/portx\/tp-services\/air-freight\/\"> Transport kolejowy<\/a>\r\n                                                            <\/h3>\r\n                                                                                    <p>Fracht lotniczy to najszybszy spos\u00f3b transportu towar\u00f3w<\/p>\r\n                                                                                    <div class=\"tp-services-3__btn\">\r\n                                <a class=\"tp-services-btn\" href=\"https:\/\/wphix.com\/wp\/portx\/tp-services\/air-freight\/\">CZYTAJ WI\u0118CEJ<i\r\n                                    class=\"fa-sharp fa-regular fa-arrow-right\"><\/i><\/a>\r\n                            <\/div>\r\n                                                    <\/div>\r\n                    <\/div>\r\n                <\/div>\r\n            <\/div>\r\n                        <div class=\"col-xl-4 col-lg-6 col-md-6 col-sm-12\">\r\n\r\n                                <div class=\"tp-services-3__item p-relative mb-30 z-index-1 wow fadeInUp\" data-wow-duration=\"0.9s\" data-wow-delay=\"1.1s\">\r\n                \r\n                                        <div class=\"tp-services-3__thumb p-relative\">\r\n                        <img decoding=\"async\" class=\"w-100\" src=\"https:\/\/www.kaaninternational.net\/wp-content\/uploads\/2023\/07\/services-5.jpg\" alt=\"\">\r\n                    <\/div>\r\n                    \r\n                    <div class=\"tp-services-3__wrap d-flex align-items-start\">\r\n\r\n                                                                                <div class=\"tp-services-3__icon\">\r\n                                <span><i aria-hidden=\"true\" class=\"tp flaticon-warehouse\"><\/i><\/span>\r\n                            <\/div>\r\n                                                    \r\n                        <div class=\"tp-services-3__content\">\r\n\r\n                                                        <h3 class=\"tp-services-3-title-3\">\r\n                                                                <a href=\"https:\/\/wphix.com\/wp\/portx\/tp-services\/air-freight\/\">Magazynowanie<\/a>\r\n                                                            <\/h3>\r\n                                                                                    <p>Fracht lotniczy to najszybszy spos\u00f3b transportu towar\u00f3w<\/p>\r\n                                                                                    <div class=\"tp-services-3__btn\">\r\n                                <a class=\"tp-services-btn\" href=\"https:\/\/wphix.com\/wp\/portx\/tp-services\/air-freight\/\">CZYTAJ WI\u0118CEJ<i\r\n                                    class=\"fa-sharp fa-regular fa-arrow-right\"><\/i><\/a>\r\n                            <\/div>\r\n                                                    <\/div>\r\n                    <\/div>\r\n                <\/div>\r\n            <\/div>\r\n                        <div class=\"col-xl-4 col-lg-6 col-md-6 col-sm-12\">\r\n\r\n                                <div class=\"tp-services-3__item p-relative mb-30 z-index-1 wow fadeInUp\" data-wow-duration=\"0.9s\" data-wow-delay=\"1.3s\">\r\n                \r\n                                        <div class=\"tp-services-3__thumb p-relative\">\r\n                        <img decoding=\"async\" class=\"w-100\" src=\"https:\/\/www.kaaninternational.net\/wp-content\/uploads\/2023\/07\/services-6.jpg\" alt=\"\">\r\n                    <\/div>\r\n                    \r\n                    <div class=\"tp-services-3__wrap d-flex align-items-start\">\r\n\r\n                                                                                <div class=\"tp-services-3__icon\">\r\n                                <span><i aria-hidden=\"true\" class=\"tp flaticon-delivery-truck\"><\/i><\/span>\r\n                            <\/div>\r\n                                                    \r\n                        <div class=\"tp-services-3__content\">\r\n\r\n                                                        <h3 class=\"tp-services-3-title-3\">\r\n                                                                <a href=\"https:\/\/wphix.com\/wp\/portx\/tp-services\/air-freight\/\">Transport drogowy<\/a>\r\n                                                            <\/h3>\r\n                                                                                    <p>Fracht lotniczy to najszybszy spos\u00f3b transportu towar\u00f3w<\/p>\r\n                                                                                    <div class=\"tp-services-3__btn\">\r\n                                <a class=\"tp-services-btn\" href=\"https:\/\/wphix.com\/wp\/portx\/tp-services\/air-freight\/\">CZYTAJ WI\u0118CEJ<i\r\n                                    class=\"fa-sharp fa-regular fa-arrow-right\"><\/i><\/a>\r\n                            <\/div>\r\n                                                    <\/div>\r\n                    <\/div>\r\n                <\/div>\r\n            <\/div>\r\n                    <\/div>\r\n    <\/div>\r\n<\/section>\r\n\r\n\t\t\t\t<\/div>\n\t\t\t\t<\/div>\n\t\t\t\t\t<\/div>\n\t\t<\/div>\n\t\t\t\t\t<\/div>\n\t\t<\/section>\n\t\t\t\t<section class=\"elementor-section elementor-top-section elementor-element elementor-element-26659af elementor-section-full_width elementor-section-height-default elementor-section-height-default\" data-id=\"26659af\" data-element_type=\"section\" data-e-type=\"section\">\n\t\t\t\t\t\t<div class=\"elementor-container elementor-column-gap-no\">\n\t\t\t\t\t<div class=\"elementor-column elementor-col-100 elementor-top-column elementor-element elementor-element-31f5663\" data-id=\"31f5663\" data-element_type=\"column\" data-e-type=\"column\">\n\t\t\t<div class=\"elementor-widget-wrap elementor-element-populated\">\n\t\t\t\t\t\t<div class=\"elementor-element elementor-element-1823d56 elementor-widget elementor-widget-tp-cta\" data-id=\"1823d56\" data-element_type=\"widget\" data-e-type=\"widget\" data-widget_type=\"tp-cta.default\">\n\t\t\t\t<div class=\"elementor-widget-container\">\n\t\t\t\t\t\r\n\r\n\r\n   <div class=\"cta-area-2 theme-color-2 pt-60 pb-60 p-relative fix\">\r\n      <div class=\"tp-cta__lg-circel\">\r\n         <img decoding=\"async\" src=\"https:\/\/www.kaaninternational.net\/wp-content\/themes\/portx\/assets\/img\/blog\/lg-circel.png\" alt=\"\">\r\n      <\/div>\r\n      <div class=\"tp-cta__sm-circel\">\r\n         <img decoding=\"async\" src=\"https:\/\/www.kaaninternational.net\/wp-content\/themes\/portx\/assets\/img\/blog\/circel.png\" alt=\"\">\r\n      <\/div>\r\n      <div class=\"tp-cta__shap-3 wow slideInLeft\">\r\n         <img decoding=\"async\" src=\"https:\/\/www.kaaninternational.net\/wp-content\/themes\/portx\/assets\/img\/cta\/cta-shap-3.png\" alt=\"\">\r\n      <\/div>\r\n      <div class=\"container\">\r\n         <div class=\"row align-items-center\">\r\n            <div class=\"col-xl-9 col-lg-8\">\r\n               <div class=\"tp-cta-2\">\r\n                  <div class=\"tp-cta__content wow fadeInUp   text-center text-lg-start\" data-wow-duration=\".9s\"\r\n                     data-wow-delay=\".5s\">\r\n                           <h2 class=\"tp-cta-title-2\">Jeste\u015bmy najlepsz\u0105 agencj\u0105 transportow\u0105 dla <br> zapewni\u0107 najlepsz\u0105 jako\u015b\u0107 us\u0142ug<\/h2>                  <\/div>\r\n               <\/div>\r\n            <\/div>\r\n                        <div class=\"col-xl-3 col-lg-4\">\r\n               <div class=\"tp-cta-2__btn text-center text-lg-start pt-20\">\r\n                  <div class=\"tp-cta-2__btn wow fadeInUp\" data-wow-duration=\".9s\" data-wow-delay=\".7s\">\r\n                    <a href=\"https:\/\/www.kaaninternational.net\/pl\/iletisim\/\" target=\"_self\" rel=\"nofollow\" class=\"tp-btn-white\">PRO\u015aBA O WYCEN\u0118<\/a>\r\n                  <\/div>\r\n               <\/div>\r\n            <\/div>\r\n                     <\/div>\r\n      <\/div>\r\n   <\/div>\r\n\r\n\r\n\t\t\t\t<\/div>\n\t\t\t\t<\/div>\n\t\t\t\t\t<\/div>\n\t\t<\/div>\n\t\t\t\t\t<\/div>\n\t\t<\/section>\n\t\t\t\t<\/div>","protected":false},"excerpt":{"rendered":"<p>Air Transport Air freight is the fastest way to transport goods READ MORE Road Freight Air freight is the fastest way to transport goods READ MORE Ocean Freight Air freight is the fastest way to transport goods READ MORE Rail Transport Air freight is the fastest way to transport goods READ MORE Warehousing Air freight [&hellip;]<\/p>\n","protected":false},"author":1,"featured_media":0,"parent":0,"menu_order":0,"comment_status":"closed","ping_status":"closed","template":"elementor_header_footer","meta":{"footnotes":""},"class_list":["post-42","page","type-page","status-publish","hentry"],"_links":{"self":[{"href":"https:\/\/www.kaaninternational.net\/pl\/wp-json\/wp\/v2\/pages\/42","targetHints":{"allow":["GET"]}}],"collection":[{"href":"https:\/\/www.kaaninternational.net\/pl\/wp-json\/wp\/v2\/pages"}],"about":[{"href":"https:\/\/www.kaaninternational.net\/pl\/wp-json\/wp\/v2\/types\/page"}],"author":[{"embeddable":true,"href":"https:\/\/www.kaaninternational.net\/pl\/wp-json\/wp\/v2\/users\/1"}],"replies":[{"embeddable":true,"href":"https:\/\/www.kaaninternational.net\/pl\/wp-json\/wp\/v2\/comments?post=42"}],"version-history":[{"count":2,"href":"https:\/\/www.kaaninternational.net\/pl\/wp-json\/wp\/v2\/pages\/42\/revisions"}],"predecessor-version":[{"id":1885,"href":"https:\/\/www.kaaninternational.net\/pl\/wp-json\/wp\/v2\/pages\/42\/revisions\/1885"}],"wp:attachment":[{"href":"https:\/\/www.kaaninternational.net\/pl\/wp-json\/wp\/v2\/media?parent=42"}],"curies":[{"name":"wp","href":"https:\/\/api.w.org\/{rel}","templated":true}]}}