{"id":27,"date":"2023-06-23T03:48:21","date_gmt":"2023-06-23T03:48:21","guid":{"rendered":"https:\/\/wphix.com\/wp\/portx\/?page_id=27"},"modified":"2025-01-18T11:22:57","modified_gmt":"2025-01-18T11:22:57","slug":"iletisim","status":"publish","type":"page","link":"https:\/\/www.kaaninternational.net\/pl\/iletisim\/","title":{"rendered":"Kontakt"},"content":{"rendered":"<div data-elementor-type=\"wp-page\" data-elementor-id=\"27\" class=\"elementor elementor-27\" data-elementor-post-type=\"page\">\n\t\t\t\t\t\t<section class=\"elementor-section elementor-top-section elementor-element elementor-element-330c4ac elementor-section-full_width elementor-section-height-default elementor-section-height-default\" data-id=\"330c4ac\" data-element_type=\"section\" data-e-type=\"section\">\n\t\t\t\t\t\t<div class=\"elementor-container elementor-column-gap-no\">\n\t\t\t\t\t<div class=\"elementor-column elementor-col-100 elementor-top-column elementor-element elementor-element-b9bb6cb\" data-id=\"b9bb6cb\" data-element_type=\"column\" data-e-type=\"column\">\n\t\t\t<div class=\"elementor-widget-wrap elementor-element-populated\">\n\t\t\t\t\t\t<div class=\"elementor-element elementor-element-a5105dc elementor-widget elementor-widget-tp-info-card\" data-id=\"a5105dc\" data-element_type=\"widget\" data-e-type=\"widget\" data-widget_type=\"tp-info-card.default\">\n\t\t\t\t<div class=\"elementor-widget-container\">\n\t\t\t\t\t\r\n            \r\n        \r\n    <div class=\"tp-location-area\">\r\n        <div class=\"container-fluid p-0\">\r\n            <div class=\"row gx-0\">\r\n                \r\n                                <div class=\"col-xl-4 col-lg-6 col-md-6\">\r\n                    <div class=\"tp-location-page-item tp-location-page-item-1 theme-color d-flex align-items-center\">\r\n                        <div class=\"icon p-relative\">\r\n                                                                                                <span><i aria-hidden=\"true\" class=\"tp flaticon-location-1\"><\/i><\/span>\r\n                                                                                    <\/div>\r\n\r\n                        <div class=\"text\">\r\n                                                        <h3 class=\"tp-location-page-title\">Biuro w Stambule<\/h3>\r\n                                                                                    <p>ferhatpasa Mah. 57 sk. No:26\/3 D:4 Ata\u015fehir\/\u0130stanbul\/Turcja\n<br>\n   Tel: <a href=\"tel:+905325848010\">+90 532 584 80 10<\/a>\n<br>\ninfo@kaaninternational.net<\/p>\r\n                                                    <\/div>\r\n                    <\/div>\r\n                <\/div>\r\n                                <div class=\"col-xl-4 col-lg-6 col-md-6\">\r\n                    <div class=\"tp-location-page-item tp-location-page-item-2 theme-background d-flex align-items-center\">\r\n                        <div class=\"icon p-relative\">\r\n                                                                                                <span><i aria-hidden=\"true\" class=\"tp flaticon-location-1\"><\/i><\/span>\r\n                                                                                    <\/div>\r\n\r\n                        <div class=\"text\">\r\n                                                        <h3 class=\"tp-location-page-title\"><div style=\"color: white\">Biuro Kocaeli<\/h3>\r\n                                                                                    <p><div style=\"color: white\">\n  Dumlupinar Mahallesi Nur Caddesi, Tas Mahal Business Centre, No:13\/5\nKartepe Kocaeli\/Turcja\n<br>\n   Tel: <a href=\"tel:+905325848010\">+90 532 584 80 10<\/a>\n<br>\nTel: <a href=\"tel:+902625034328\">+90 262 503 43 28<\/a>\ninfo@kaaninternational.net\n<\/div>\n<\/p>\r\n                                                    <\/div>\r\n                    <\/div>\r\n                <\/div>\r\n                                <div class=\"col-xl-4 col-lg-6 col-md-6\">\r\n                    <div class=\"tp-location-page-item tp-location-page-item-3 theme-color-2 d-flex align-items-center\">\r\n                        <div class=\"icon p-relative\">\r\n                                                                                                <span><i aria-hidden=\"true\" class=\"tp flaticon-location-1\"><\/i><\/span>\r\n                                                                                    <\/div>\r\n\r\n                        <div class=\"text\">\r\n                                                        <h3 class=\"tp-location-page-title\">Biuro Gaziantep<\/h3>\r\n                                                                                    <p>Incilipinar Neighbourhood,\n57 Avenue,\nNr: 21 , Ekip Is Centre, Pi\u0119tro: 3 \/15\n\u015eehitkamil\/Gaziantep\/Turcja\n\n<br>\n    Tel: <a href=\"tel:+903422311171\">+90 342 231 11 71<\/a>\n\ninfo@kaaninternational.net<\/p>\r\n                                                    <\/div>\r\n                    <\/div>\r\n                <\/div>\r\n                \r\n            <\/div>\r\n        <\/div>\r\n    <\/div>\r\n\r\n\t\t\t\t<\/div>\n\t\t\t\t<\/div>\n\t\t\t\t\t<\/div>\n\t\t<\/div>\n\t\t\t\t\t<\/div>\n\t\t<\/section>\n\t\t\t\t<section class=\"elementor-section elementor-top-section elementor-element elementor-element-5d1e247 elementor-section-full_width elementor-section-height-default elementor-section-height-default\" data-id=\"5d1e247\" data-element_type=\"section\" data-e-type=\"section\">\n\t\t\t\t\t\t<div class=\"elementor-container elementor-column-gap-no\">\n\t\t\t\t\t<div class=\"elementor-column elementor-col-100 elementor-top-column elementor-element elementor-element-f7b1991\" data-id=\"f7b1991\" data-element_type=\"column\" data-e-type=\"column\">\n\t\t\t<div class=\"elementor-widget-wrap elementor-element-populated\">\n\t\t\t\t\t\t<div class=\"elementor-element elementor-element-115fdc1 elementor-widget elementor-widget-google_maps\" data-id=\"115fdc1\" data-element_type=\"widget\" data-e-type=\"widget\" data-widget_type=\"google_maps.default\">\n\t\t\t\t<div class=\"elementor-widget-container\">\n\t\t\t\t\t\t\t<div class=\"elementor-custom-embed\">\n\t\t\t<iframe loading=\"lazy\"\n\t\t\t\t\tsrc=\"https:\/\/maps.google.com\/maps?q=Dumlup%C4%B1nar%20Mahallesi%20Nur%20Caddesi%2C%20Tas%20Mahal%20%C4%B0%C5%9F%20Merkezi%2C%20No%3A13%2F5%20Kartepe%20Kocaeli%2FT%C3%BCrkiye&#038;t=m&#038;z=10&#038;output=embed&#038;iwloc=near\"\n\t\t\t\t\ttitle=\"Dumlupinar Mahallesi Nur Caddesi, Tas Mahal Business Centre, No:13\/5 Kartepe Kocaeli\/Turcja\"\n\t\t\t\t\taria-label=\"Dumlupinar Mahallesi Nur Caddesi, Tas Mahal Business Centre, No:13\/5 Kartepe Kocaeli\/Turcja\"\n\t\t\t><\/iframe>\n\t\t<\/div>\n\t\t\t\t\t\t<\/div>\n\t\t\t\t<\/div>\n\t\t\t\t\t<\/div>\n\t\t<\/div>\n\t\t\t\t\t<\/div>\n\t\t<\/section>\n\t\t\t\t<\/div>","protected":false},"excerpt":{"rendered":"<p>\u0130stanbul Ofis ferhatpa\u015fa Mah. 57 sk. No:26\/3 D:4 Ata\u015fehir\/\u0130stanbul\/T\u00fcrkiye Tel: +90 532 584 80 10 info@kaaninternational.net Kocaeli Ofis Dumlup\u0131nar Mahallesi Nur Caddesi, Tas Mahal \u0130\u015f Merkezi, No:13\/5 Kartepe Kocaeli\/T\u00fcrkiye Tel: +90 532 584 80 10 Tel: +90 262 503 43 28 info@kaaninternational.net Gaziantep Ofis Incilip\u0131nar Mahallesi, 57 Nolu Cadde, No: 21 , Ekip Is Merkezi, [&hellip;]<\/p>\n","protected":false},"author":1,"featured_media":0,"parent":0,"menu_order":0,"comment_status":"closed","ping_status":"closed","template":"elementor_header_footer","meta":{"footnotes":""},"class_list":["post-27","page","type-page","status-publish","hentry"],"_links":{"self":[{"href":"https:\/\/www.kaaninternational.net\/pl\/wp-json\/wp\/v2\/pages\/27","targetHints":{"allow":["GET"]}}],"collection":[{"href":"https:\/\/www.kaaninternational.net\/pl\/wp-json\/wp\/v2\/pages"}],"about":[{"href":"https:\/\/www.kaaninternational.net\/pl\/wp-json\/wp\/v2\/types\/page"}],"author":[{"embeddable":true,"href":"https:\/\/www.kaaninternational.net\/pl\/wp-json\/wp\/v2\/users\/1"}],"replies":[{"embeddable":true,"href":"https:\/\/www.kaaninternational.net\/pl\/wp-json\/wp\/v2\/comments?post=27"}],"version-history":[{"count":52,"href":"https:\/\/www.kaaninternational.net\/pl\/wp-json\/wp\/v2\/pages\/27\/revisions"}],"predecessor-version":[{"id":1970,"href":"https:\/\/www.kaaninternational.net\/pl\/wp-json\/wp\/v2\/pages\/27\/revisions\/1970"}],"wp:attachment":[{"href":"https:\/\/www.kaaninternational.net\/pl\/wp-json\/wp\/v2\/media?parent=27"}],"curies":[{"name":"wp","href":"https:\/\/api.w.org\/{rel}","templated":true}]}}