{"id":25,"date":"2023-06-23T03:48:07","date_gmt":"2023-06-23T03:48:07","guid":{"rendered":"https:\/\/wphix.com\/wp\/portx\/?page_id=25"},"modified":"2024-12-03T10:58:38","modified_gmt":"2024-12-03T10:58:38","slug":"hakkimizda","status":"publish","type":"page","link":"https:\/\/www.kaaninternational.net\/en\/hakkimizda\/","title":{"rendered":"About Us"},"content":{"rendered":"<div data-elementor-type=\"wp-page\" data-elementor-id=\"25\" class=\"elementor elementor-25\" data-elementor-post-type=\"page\">\n\t\t\t\t\t\t<section class=\"elementor-section elementor-top-section elementor-element elementor-element-e666a0c elementor-section-full_width elementor-section-height-default elementor-section-height-default\" data-id=\"e666a0c\" data-element_type=\"section\" data-e-type=\"section\">\n\t\t\t\t\t\t<div class=\"elementor-container elementor-column-gap-no\">\n\t\t\t\t\t<div class=\"elementor-column elementor-col-100 elementor-top-column elementor-element elementor-element-ee99a58\" data-id=\"ee99a58\" data-element_type=\"column\" data-e-type=\"column\">\n\t\t\t<div class=\"elementor-widget-wrap elementor-element-populated\">\n\t\t\t\t\t\t<div class=\"elementor-element elementor-element-cf1f258 elementor-widget elementor-widget-about\" data-id=\"cf1f258\" data-element_type=\"widget\" data-e-type=\"widget\" data-widget_type=\"about.default\">\n\t\t\t\t<div class=\"elementor-widget-container\">\n\t\t\t\t\t\r\n\r\n<div class=\"tpabout_area pt-120 pb-120\">\r\n    <div class=\"container\">\r\n        <div class=\"row\">\r\n            <div class=\"col-xl-6 col-lg-6 col-md-12 col-12 wow fadeInLeft\" data-wow-duration=\".9s\"\r\n            data-wow-delay=\".5s\">\r\n                <div class=\"tpabout__section-title z-index  pb-40\">\r\n                                        <div class=\"tp-section__subtitle mb-15 p-relative\">GET TO KNOW US<\/div>\r\n                                        <h2 class=\"tp-section__title mb-40\">We Cross Distances Safely<\/h2>                                                            <p>Kaan Lojistik was established in 2004 in order to carry out complete and partial transport activities to the Balkans and Europe. At this point today, it provides import and export transport support to many different locations of the world with 42 self-owned and 38 rental vehicles. It has become a brand in the field in Turkey on this road under the concepts of honesty and reliability. In order to meet the intense demand and take firm steps for growth and development, the second company Kaan International was established in 2021.<\/p>\r\n                                    <\/div>\r\n                <div class=\"tpabout__progress-bar mb-50 fix\">\r\n                                        <span>Reliable Transport<\/span>\r\n                                                            <div class=\"tpabout__bar\">\r\n                        <div class=\"tpabout__bar-item\">\r\n                            <div class=\"tpabout__bar-progress\">\r\n                            <div class=\"progress\">\r\n                                <div class=\"progress-bar wow slideInLeft\" data-wow-delay=\"0s\" data-wow-duration=\".8s\"\r\n                                    role=\"progressbar\" data-width=\"100%\" aria-valuenow=\"100\" aria-valuemin=\"0\"\r\n                                    aria-valuemax=\"100\"\r\n                                    style=\"width: 100%; visibility: visible; animation-duration: 0.8s; animation-delay: 0s; animation-name: slideInLeft;\">\r\n                                    <span>100%<\/span>\r\n                                <\/div>\r\n                            <\/div>\r\n                            <\/div>\r\n                        <\/div>\r\n                    <\/div>\r\n                                    <\/div>\r\n                <div class=\"tpabout__btn-box\">\r\n                                        <a href=\"https:\/\/www.kaaninternational.net\/en\/iletisim\/\" target=\"_self\" rel=\"nofollow\" class=\"thm-btn mr-30\">CONTACT US<\/a>\r\n                                                            <span>\r\n                                                <a href=\"\">info@kaaninternational.net<\/a>\r\n                                            <\/span>\r\n                                    <\/div>\r\n\r\n            <\/div>\r\n            <div class=\"col-xl-6 col-lg-6 col-md-12 col-12 wow fadeInRight\" data-wow-duration=\".9s\" data-wow-delay=\".5s\">\r\n                <div class=\"tpabout__thumb-shape-2 p-relative\"\r\n                    data-parallax=\"{&quot;y&quot;: 100, &quot;smoothness&quot;: 100}\"\r\n                    style=\"transform:translate3d(0px, 36.768px, 0px) rotateX(0deg) rotateY(0deg) rotateZ(0deg) scaleX(1) scaleY(1) scaleZ(1); -webkit-transform:translate3d(0px, 36.768px, 0px) rotateX(0deg) rotateY(0deg) rotateZ(0deg) scaleX(1) scaleY(1) scaleZ(1); \">\r\n                                        <img decoding=\"async\" class=\"tpabout__thumb-shape-logo\" src=\"https:\/\/www.kaaninternational.net\/wp-content\/uploads\/2024\/11\/2004-1.png\" alt=\"\">\r\n                                                            <img decoding=\"async\" class=\"tpabout__thumb-shape-logo-icon\" src=\"https:\/\/www.kaaninternational.net\/wp-content\/uploads\/2023\/07\/about-shape-2-icon.png\" alt=\"\">\r\n                                    <\/div>\r\n                <div class=\"tpabout__wrap text-end p-relative\">\r\n                                        <div class=\"tpabout__lg-img\">\r\n                        <img decoding=\"async\" src=\"https:\/\/www.kaaninternational.net\/wp-content\/uploads\/2024\/11\/222.jpg\" alt=\"\">\r\n                    <\/div>\r\n                                                            <div class=\"tpabout__sm-img ml-40\">\r\n                        <img decoding=\"async\" src=\"https:\/\/www.kaaninternational.net\/wp-content\/uploads\/2024\/11\/about-2-sm-kopya.jpg\" alt=\"\">\r\n                    <\/div>\r\n                                    <\/div>\r\n            <\/div>\r\n        <\/div>\r\n    <\/div>\r\n<\/div>\r\n\r\n\t\t\t\t<\/div>\n\t\t\t\t<\/div>\n\t\t\t\t\t<\/div>\n\t\t<\/div>\n\t\t\t\t\t<\/div>\n\t\t<\/section>\n\t\t\t\t<section class=\"elementor-section elementor-top-section elementor-element elementor-element-3d6945c elementor-section-full_width elementor-section-height-default elementor-section-height-default\" data-id=\"3d6945c\" data-element_type=\"section\" data-e-type=\"section\">\n\t\t\t\t\t\t<div class=\"elementor-container elementor-column-gap-no\">\n\t\t\t\t\t<div class=\"elementor-column elementor-col-100 elementor-top-column elementor-element elementor-element-03dbbb4\" data-id=\"03dbbb4\" data-element_type=\"column\" data-e-type=\"column\">\n\t\t\t<div class=\"elementor-widget-wrap elementor-element-populated\">\n\t\t\t\t\t\t<div class=\"elementor-element elementor-element-501938d elementor-widget elementor-widget-about\" data-id=\"501938d\" data-element_type=\"widget\" data-e-type=\"widget\" data-widget_type=\"about.default\">\n\t\t\t\t<div class=\"elementor-widget-container\">\n\t\t\t\t\t\r\n\r\n<div class=\"tp-choose-area theme-background fix\">\r\n    <div class=\"dddd mb-100 p-relative\">\r\n        <div class=\"tpchoose__left-img p-relative\">\r\n                        <img decoding=\"async\" src=\"https:\/\/www.kaaninternational.net\/wp-content\/uploads\/2023\/07\/thumbnail_agir-ve-gabari-disi-icin.jpg\" alt=\"\">\r\n                        \r\n            <div class=\"tpchoose__play-video text-center\">\r\n                                            <\/div>\r\n\r\n        <\/div>\r\n                <div class=\"tpchoose__air-plan  wow slideInRight\">\r\n            <img decoding=\"async\" src=\"https:\/\/www.kaaninternational.net\/wp-content\/uploads\/2024\/11\/Asset-2-300x181.png\" alt=\"\">\r\n        <\/div>\r\n                <div class=\"container\">\r\n            <div class=\"row\">\r\n                <div class=\"col-xl-7 offset-xl-5\">\r\n                    <div class=\"tpchoose__content pt-115 ml-70\">\r\n                        <div class=\"tpchoose__section-title  z-index-1  pb-10\">\r\n                            \r\n                                                                                                            <\/div>\r\n\r\n                                                <div class=\"tpchoose__list d-flex align-items-start mb-10  wow fadeInUp\" data-wow-duration=\".9s\" data-wow-delay=\".8s\">\r\n\r\n                                                                                            <div class=\"tpchoose__icon mr-30\">\r\n                                    <span><i aria-hidden=\"true\" class=\"tp flaticon-next\"><\/i><\/span>\r\n                                <\/div>\r\n                                                            \r\n                            <div class=\"tpchoose__info\">\r\n                                                                <span>Our Mission<\/span>\r\n                                                                                                <p>While carrying out our transport activities, to be sensitive to the law and the environment, to protect customer rights. In parallel with this, our mission is to provide optimum solutions to the needs of our customers with a quality service policy and to provide long-term cooperation.<\/p>\r\n                                                            <\/div>\r\n                        <\/div>\r\n                                                <div class=\"tpchoose__list d-flex align-items-start mb-10  wow fadeInUp\" data-wow-duration=\".9s\" data-wow-delay=\".8s\">\r\n\r\n                                                                                            <div class=\"tpchoose__icon mr-30\">\r\n                                    <span><i aria-hidden=\"true\" class=\"tp flaticon-next\"><\/i><\/span>\r\n                                <\/div>\r\n                                                            \r\n                            <div class=\"tpchoose__info\">\r\n                                                                <span>Our Vision<\/span>\r\n                                                                                                <p>To be a brand in the international transport sector with the power we get from our quality, fast, honest service understanding and experience.<\/p>\r\n                                                            <\/div>\r\n                        <\/div>\r\n                        \r\n                    <\/div>\r\n                <\/div>\r\n            <\/div>\r\n        <\/div>\r\n    <\/div>\r\n<\/div>\r\n\r\n\t\t\t\t<\/div>\n\t\t\t\t<\/div>\n\t\t\t\t\t<\/div>\n\t\t<\/div>\n\t\t\t\t\t<\/div>\n\t\t<\/section>\n\t\t\t\t<section class=\"elementor-section elementor-top-section elementor-element elementor-element-a59c12f elementor-section-full_width elementor-section-height-default elementor-section-height-default\" data-id=\"a59c12f\" data-element_type=\"section\" data-e-type=\"section\">\n\t\t\t\t\t\t<div class=\"elementor-container elementor-column-gap-no\">\n\t\t\t\t\t<div class=\"elementor-column elementor-col-100 elementor-top-column elementor-element elementor-element-fa6af60\" data-id=\"fa6af60\" data-element_type=\"column\" data-e-type=\"column\">\n\t\t\t<div class=\"elementor-widget-wrap elementor-element-populated\">\n\t\t\t\t\t\t<div class=\"elementor-element elementor-element-cd9b9d2 elementor-widget elementor-widget-tp-cta\" data-id=\"cd9b9d2\" data-element_type=\"widget\" data-e-type=\"widget\" data-widget_type=\"tp-cta.default\">\n\t\t\t\t<div class=\"elementor-widget-container\">\n\t\t\t\t\t\r\n\r\n\r\n   <div class=\"cta-area-2 theme-color-2 pt-60 pb-60 p-relative fix\">\r\n      <div class=\"tp-cta__lg-circel\">\r\n         <img decoding=\"async\" src=\"https:\/\/www.kaaninternational.net\/wp-content\/themes\/portx\/assets\/img\/blog\/lg-circel.png\" alt=\"\">\r\n      <\/div>\r\n      <div class=\"tp-cta__sm-circel\">\r\n         <img decoding=\"async\" src=\"https:\/\/www.kaaninternational.net\/wp-content\/themes\/portx\/assets\/img\/blog\/circel.png\" alt=\"\">\r\n      <\/div>\r\n      <div class=\"tp-cta__shap-3 wow slideInLeft\">\r\n         <img decoding=\"async\" src=\"https:\/\/www.kaaninternational.net\/wp-content\/themes\/portx\/assets\/img\/cta\/cta-shap-3.png\" alt=\"\">\r\n      <\/div>\r\n      <div class=\"container\">\r\n         <div class=\"row align-items-center\">\r\n            <div class=\"col-xl-9 col-lg-8\">\r\n               <div class=\"tp-cta-2\">\r\n                  <div class=\"tp-cta__content wow fadeInUp   text-center text-lg-start\" data-wow-duration=\".9s\"\r\n                     data-wow-delay=\".5s\">\r\n                           <h2 class=\"tp-cta-title-2\"> Your Best Transport Partner for Top Quality Service<\/h2>                  <\/div>\r\n               <\/div>\r\n            <\/div>\r\n                        <div class=\"col-xl-3 col-lg-4\">\r\n               <div class=\"tp-cta-2__btn text-center text-lg-start pt-20\">\r\n                  <div class=\"tp-cta-2__btn wow fadeInUp\" data-wow-duration=\".9s\" data-wow-delay=\".7s\">\r\n                    <a href=\"https:\/\/www.kaaninternational.net\/en\/iletisim\/\" target=\"_self\" rel=\"nofollow\" class=\"tp-btn-white\">GET A PRICE OFFER<\/a>\r\n                  <\/div>\r\n               <\/div>\r\n            <\/div>\r\n                     <\/div>\r\n      <\/div>\r\n   <\/div>\r\n\r\n\r\n\t\t\t\t<\/div>\n\t\t\t\t<\/div>\n\t\t\t\t\t<\/div>\n\t\t<\/div>\n\t\t\t\t\t<\/div>\n\t\t<\/section>\n\t\t\t\t<\/div>","protected":false},"excerpt":{"rendered":"<p>B\u0130Z\u0130 TANIYIN Mesafeleri G\u00fcvenle A\u015f\u0131yoruz Kaan Lojistik 2004 y\u0131l\u0131nda Balkanlar ve Avrupa\u2019ya komple ve parsiyel ta\u015f\u0131mac\u0131l\u0131k faaliyetlerini ger\u00e7ekle\u015ftirme amac\u0131yla kurulmu\u015ftur. Bu g\u00fcn gelinen noktada ise, 42 \u00f6zmal ve 38 kiral\u0131k ara\u00e7 ile d\u00fcnyan\u0131n bir \u00e7ok farkl\u0131 lokasyonuna ithalat ve ihracat ta\u015f\u0131mas\u0131 deste\u011fi vermektedir. D\u00fcr\u00fcstl\u00fck ve g\u00fcvenilirlik kavramlar\u0131 ad\u0131 alt\u0131nda \u00e7\u0131k\u0131lan bu yolda T\u00fcrkiye\u2019de alan\u0131n da [&hellip;]<\/p>\n","protected":false},"author":1,"featured_media":0,"parent":0,"menu_order":0,"comment_status":"closed","ping_status":"closed","template":"elementor_header_footer","meta":{"footnotes":""},"class_list":["post-25","page","type-page","status-publish","hentry"],"_links":{"self":[{"href":"https:\/\/www.kaaninternational.net\/en\/wp-json\/wp\/v2\/pages\/25","targetHints":{"allow":["GET"]}}],"collection":[{"href":"https:\/\/www.kaaninternational.net\/en\/wp-json\/wp\/v2\/pages"}],"about":[{"href":"https:\/\/www.kaaninternational.net\/en\/wp-json\/wp\/v2\/types\/page"}],"author":[{"embeddable":true,"href":"https:\/\/www.kaaninternational.net\/en\/wp-json\/wp\/v2\/users\/1"}],"replies":[{"embeddable":true,"href":"https:\/\/www.kaaninternational.net\/en\/wp-json\/wp\/v2\/comments?post=25"}],"version-history":[{"count":38,"href":"https:\/\/www.kaaninternational.net\/en\/wp-json\/wp\/v2\/pages\/25\/revisions"}],"predecessor-version":[{"id":1900,"href":"https:\/\/www.kaaninternational.net\/en\/wp-json\/wp\/v2\/pages\/25\/revisions\/1900"}],"wp:attachment":[{"href":"https:\/\/www.kaaninternational.net\/en\/wp-json\/wp\/v2\/media?parent=25"}],"curies":[{"name":"wp","href":"https:\/\/api.w.org\/{rel}","templated":true}]}}