{"id":2,"date":"2024-10-30T06:13:07","date_gmt":"2024-10-30T06:13:07","guid":{"rendered":"https:\/\/www.kaaninternational.net\/?page_id=2"},"modified":"2024-11-07T23:50:05","modified_gmt":"2024-11-07T23:50:05","slug":"guzergahlarimiz","status":"publish","type":"page","link":"https:\/\/www.kaaninternational.net\/en\/guzergahlarimiz\/","title":{"rendered":"Our routes"},"content":{"rendered":"<div data-elementor-type=\"wp-page\" data-elementor-id=\"2\" class=\"elementor elementor-2\" data-elementor-post-type=\"page\">\n\t\t\t\t<div class=\"elementor-element elementor-element-144e477 e-flex e-con-boxed e-con e-parent\" data-id=\"144e477\" data-element_type=\"container\" data-e-type=\"container\">\n\t\t\t\t\t<div class=\"e-con-inner\">\n\t\t\t\t<div class=\"elementor-element elementor-element-78f0bc1 elementor-headline--style-highlight elementor-widget elementor-widget-animated-headline\" data-id=\"78f0bc1\" data-element_type=\"widget\" data-e-type=\"widget\" data-settings=\"{&quot;highlighted_text&quot;:&quot;Hizmetinizdeyiz&quot;,&quot;headline_style&quot;:&quot;highlight&quot;,&quot;marker&quot;:&quot;circle&quot;,&quot;loop&quot;:&quot;yes&quot;,&quot;highlight_animation_duration&quot;:1200,&quot;highlight_iteration_delay&quot;:8000}\" data-widget_type=\"animated-headline.default\">\n\t\t\t\t<div class=\"elementor-widget-container\">\n\t\t\t\t\t\t\t<h3 class=\"elementor-headline\">\n\t\t\t\t\t<span class=\"elementor-headline-plain-text elementor-headline-text-wrapper\">In Different Parts of the World<\/span>\n\t\t\t\t<span class=\"elementor-headline-dynamic-wrapper elementor-headline-text-wrapper\">\n\t\t\t\t\t<span class=\"elementor-headline-dynamic-text elementor-headline-text-active\">At your service<\/span>\n\t\t\t\t<\/span>\n\t\t\t\t<\/h3>\n\t\t\t\t\t\t<\/div>\n\t\t\t\t<\/div>\n\t\t\t\t\t<\/div>\n\t\t\t\t<\/div>\n\t\t<div class=\"elementor-element elementor-element-4d54258 e-flex e-con-boxed e-con e-parent\" data-id=\"4d54258\" data-element_type=\"container\" data-e-type=\"container\">\n\t\t\t\t\t<div class=\"e-con-inner\">\n\t\t\t\t<div class=\"elementor-element elementor-element-1f4aec8 elementor-widget elementor-widget-shortcode\" data-id=\"1f4aec8\" data-element_type=\"widget\" data-e-type=\"widget\" data-widget_type=\"shortcode.default\">\n\t\t\t\t<div class=\"elementor-widget-container\">\n\t\t\t\t\t\t\t<div class=\"elementor-shortcode\"><div class=\"map_wrapper\" id=\"map_wrapper_1615\">\n<div class=\"map_box\" style=\"max-width:2000px\">\n<div class=\"map_aspect_ratio\" style=\"padding-top:56%\" data-padding-top=\"56%\" data-padding-top-mobile=\"0%\">\n<div class=\"map_container\">\n<div class=\"map_render map_loading\" id=\"map_1615\"><\/div>\n<\/div>\n<\/div>\n<\/div>\n<\/div><\/div>\n\t\t\t\t\t\t<\/div>\n\t\t\t\t<\/div>\n\t\t\t\t\t<\/div>\n\t\t\t\t<\/div>\n\t\t<div class=\"elementor-element elementor-element-8e8e4d9 e-flex e-con-boxed e-con e-parent\" data-id=\"8e8e4d9\" data-element_type=\"container\" data-e-type=\"container\">\n\t\t\t\t\t<div class=\"e-con-inner\">\n\t\t\t\t<div class=\"elementor-element elementor-element-26a13e5 elementor-widget elementor-widget-html\" data-id=\"26a13e5\" data-element_type=\"widget\" data-e-type=\"widget\" data-widget_type=\"html.default\">\n\t\t\t\t<div class=\"elementor-widget-container\">\n\t\t\t\t\t<!DOCTYPE html>\r\n<html lang=\"tr\">\r\n<head>\r\n<meta charset=\"UTF-8\">\r\n<meta name=\"viewport\" content=\"width=device-width, initial-scale=1.0\">\r\n<title>\u00dclkeler ve B\u00f6lgeler<\/title>\r\n<style>\r\n  .regions-container {\r\n    display: flex;\r\n    gap: 20px;\r\n    flex-wrap: wrap;\r\n  }\r\n  .region {\r\n    margin-top: 20px;\r\n  }\r\n  .region-title {\r\n    font-size: 1.5em;\r\n    font-weight: bold;\r\n    color: #333;\r\n    margin-bottom: 10px;\r\n  }\r\n  .country-list {\r\n    list-style: none;\r\n    padding: 0;\r\n  }\r\n  .country-item {\r\n    display: flex;\r\n    align-items: center;\r\n    margin: 5px 0;\r\n  }\r\n  .country-item img {\r\n    margin-right: 8px;\r\n    width: 24px;\r\n    height: 18px;\r\n  }\r\n<\/style>\r\n<\/head>\r\n<body>\r\n\r\n<div class=\"regions-container\">\r\n  <div class=\"region\">\r\n    <div class=\"region-title\">EUROPE<\/div>\r\n    <ul class=\"country-list\">\r\n      <li class=\"country-item\"><img decoding=\"async\" src=\"https:\/\/flagcdn.com\/16x12\/bg.png\" alt=\"Bulgaristan\"> Bulgaria<\/li>\r\n      <li class=\"country-item\"><img decoding=\"async\" src=\"https:\/\/flagcdn.com\/16x12\/ro.png\" alt=\"Romanya\"> Romania<\/li>\r\n      <li class=\"country-item\"><img decoding=\"async\" src=\"https:\/\/flagcdn.com\/16x12\/hu.png\" alt=\"Macaristan\"> Hungary<\/li>\r\n      <li class=\"country-item\"><img decoding=\"async\" src=\"https:\/\/flagcdn.com\/16x12\/sk.png\" alt=\"Slovakya\"> Slovakia<\/li>\r\n      <li class=\"country-item\"><img decoding=\"async\" src=\"https:\/\/flagcdn.com\/16x12\/cz.png\" alt=\"\u00c7ekya\"> Czech Republic<\/li>\r\n      <li class=\"country-item\"><img decoding=\"async\" src=\"https:\/\/flagcdn.com\/16x12\/pl.png\" alt=\"Polonya\"> Poland<\/li>\r\n      <li class=\"country-item\"><img decoding=\"async\" src=\"https:\/\/flagcdn.com\/16x12\/lt.png\" alt=\"Litvanya\"> Lithuania<\/li>\r\n      <li class=\"country-item\"><img decoding=\"async\" src=\"https:\/\/flagcdn.com\/16x12\/lv.png\" alt=\"Letonya\"> Latvia<\/li>\r\n      <li class=\"country-item\"><img decoding=\"async\" src=\"https:\/\/flagcdn.com\/16x12\/ee.png\" alt=\"Estonya\"> Estonia<\/li>\r\n      <li class=\"country-item\"><img decoding=\"async\" src=\"https:\/\/flagcdn.com\/16x12\/ua.png\" alt=\"Ukrayna\"> Ukraine<\/li>\r\n      <li class=\"country-item\"><img decoding=\"async\" src=\"https:\/\/flagcdn.com\/16x12\/ru.png\" alt=\"Rusya\"> Russia<\/li>\r\n      <li class=\"country-item\"><img decoding=\"async\" src=\"https:\/\/flagcdn.com\/16x12\/de.png\" alt=\"Almanya\"> Germany<\/li>\r\n      <li class=\"country-item\"><img decoding=\"async\" src=\"https:\/\/flagcdn.com\/16x12\/at.png\" alt=\"Avusturya\"> Austria<\/li>\r\n      <li class=\"country-item\"><img decoding=\"async\" src=\"https:\/\/flagcdn.com\/16x12\/it.png\" alt=\"\u0130talya\"> Italy<\/li>\r\n    <\/ul>\r\n  <\/div>\r\n\r\n  <div class=\"region\">\r\n    <div class=\"region-title\">MIDDLE EAST<\/div>\r\n    <ul class=\"country-list\">\r\n      <li class=\"country-item\"><img decoding=\"async\" src=\"https:\/\/flagcdn.com\/16x12\/iq.png\" alt=\"Irak\"> Iraq<\/li>\r\n      <li class=\"country-item\"><img decoding=\"async\" src=\"https:\/\/flagcdn.com\/16x12\/ir.png\" alt=\"\u0130ran\"> Iran<\/li>\r\n      <li class=\"country-item\"><img decoding=\"async\" src=\"https:\/\/flagcdn.com\/16x12\/sa.png\" alt=\"Suudi Arabistan\"> Saudi Arabia<\/li>\r\n      <li class=\"country-item\"><img decoding=\"async\" src=\"https:\/\/flagcdn.com\/16x12\/lb.png\" alt=\"L\u00fcbnan\"> Lebanon<\/li>\r\n      <li class=\"country-item\"><img decoding=\"async\" src=\"https:\/\/flagcdn.com\/16x12\/sy.png\" alt=\"Suriye\"> Syria<\/li>\r\n      <li class=\"country-item\"><img decoding=\"async\" src=\"https:\/\/flagcdn.com\/16x12\/ae.png\" alt=\"BAE\"> UAE<\/li>\r\n    <\/ul>\r\n  <\/div>\r\n\r\n  <div class=\"region\">\r\n    <div class=\"region-title\">BALKANS<\/div>\r\n    <ul class=\"country-list\">\r\n      <li class=\"country-item\"><img decoding=\"async\" src=\"https:\/\/flagcdn.com\/16x12\/ba.png\" alt=\"Bosna Hersek\"> Bosnia and Herzegovina<\/li>\r\n      <li class=\"country-item\"><img decoding=\"async\" src=\"https:\/\/flagcdn.com\/16x12\/al.png\" alt=\"Arnavutluk\"> Albania<\/li>\r\n      <li class=\"country-item\"><img decoding=\"async\" src=\"https:\/\/flagcdn.com\/16x12\/hr.png\" alt=\"H\u0131rvatistan\"> Croatia<\/li>\r\n      <li class=\"country-item\"><img decoding=\"async\" src=\"https:\/\/flagcdn.com\/16x12\/me.png\" alt=\"Karada\u011f\"> Montenegro<\/li>\r\n    <\/ul>\r\n  <\/div>\r\n\r\n  <div class=\"region\">\r\n    <div class=\"region-title\">CAFCAS<\/div>\r\n    <ul class=\"country-list\">\r\n      <li class=\"country-item\"><img decoding=\"async\" src=\"https:\/\/flagcdn.com\/16x12\/az.png\" alt=\"Azerbaycan\"> Azerbaijan<\/li>\r\n      <li class=\"country-item\"><img decoding=\"async\" src=\"https:\/\/flagcdn.com\/16x12\/ge.png\" alt=\"G\u00fcrcistan\"> Georgia<\/li>\r\n      <li class=\"country-item\"><img decoding=\"async\" src=\"https:\/\/flagcdn.com\/16x12\/am.png\" alt=\"Ermenistan\"> Armenia<\/li>\r\n    <\/ul>\r\n  <\/div>\r\n\r\n  <div class=\"region\">\r\n    <div class=\"region-title\">CENTRAL AND SOUTH ASIA<\/div>\r\n    <ul class=\"country-list\">\r\n      <li class=\"country-item\"><img decoding=\"async\" src=\"https:\/\/flagcdn.com\/16x12\/tm.png\" alt=\"T\u00fcrkmenistan\"> Turkmenistan<\/li>\r\n      <li class=\"country-item\"><img decoding=\"async\" src=\"https:\/\/flagcdn.com\/16x12\/kg.png\" alt=\"K\u0131rgizistan\"> Kyrgyzstan<\/li>\r\n      <li class=\"country-item\"><img decoding=\"async\" src=\"https:\/\/flagcdn.com\/16x12\/uz.png\" alt=\"\u00d6zbekistan\"> Uzbekistan<\/li>\r\n      <li class=\"country-item\"><img decoding=\"async\" src=\"https:\/\/flagcdn.com\/16x12\/pk.png\" alt=\"Pakistan\"> Pakistan<\/li>\r\n      <li class=\"country-item\"><img decoding=\"async\" src=\"https:\/\/flagcdn.com\/16x12\/kz.png\" alt=\"Kazakistan\"> Kazakhstan<\/li>\r\n      <li class=\"country-item\"><img decoding=\"async\" src=\"https:\/\/flagcdn.com\/16x12\/af.png\" alt=\"Afganistan\"> Afghanistan<\/li>\r\n    <\/ul>\r\n  <\/div>\r\n<\/div>\r\n\r\n<\/body>\r\n<\/html>\r\n\t\t\t\t<\/div>\n\t\t\t\t<\/div>\n\t\t\t\t\t<\/div>\n\t\t\t\t<\/div>\n\t\t\t\t<section class=\"elementor-section elementor-top-section elementor-element elementor-element-324b1cc6 elementor-section-full_width elementor-section-height-default elementor-section-height-default\" data-id=\"324b1cc6\" data-element_type=\"section\" data-e-type=\"section\">\n\t\t\t\t\t\t<div class=\"elementor-container elementor-column-gap-no\">\n\t\t\t\t\t<div class=\"elementor-column elementor-col-100 elementor-top-column elementor-element elementor-element-49a1d388\" data-id=\"49a1d388\" data-element_type=\"column\" data-e-type=\"column\">\n\t\t\t<div class=\"elementor-widget-wrap elementor-element-populated\">\n\t\t\t\t\t\t<div class=\"elementor-element elementor-element-34e43448 elementor-widget elementor-widget-tp-cta\" data-id=\"34e43448\" data-element_type=\"widget\" data-e-type=\"widget\" data-widget_type=\"tp-cta.default\">\n\t\t\t\t<div class=\"elementor-widget-container\">\n\t\t\t\t\t\r\n\r\n\r\n   <div class=\"cta-area-2 theme-color-2 pt-60 pb-60 p-relative fix\">\r\n      <div class=\"tp-cta__lg-circel\">\r\n         <img decoding=\"async\" src=\"https:\/\/www.kaaninternational.net\/wp-content\/themes\/portx\/assets\/img\/blog\/lg-circel.png\" alt=\"\">\r\n      <\/div>\r\n      <div class=\"tp-cta__sm-circel\">\r\n         <img decoding=\"async\" src=\"https:\/\/www.kaaninternational.net\/wp-content\/themes\/portx\/assets\/img\/blog\/circel.png\" alt=\"\">\r\n      <\/div>\r\n      <div class=\"tp-cta__shap-3 wow slideInLeft\">\r\n         <img decoding=\"async\" src=\"https:\/\/www.kaaninternational.net\/wp-content\/themes\/portx\/assets\/img\/cta\/cta-shap-3.png\" alt=\"\">\r\n      <\/div>\r\n      <div class=\"container\">\r\n         <div class=\"row align-items-center\">\r\n            <div class=\"col-xl-9 col-lg-8\">\r\n               <div class=\"tp-cta-2\">\r\n                  <div class=\"tp-cta__content wow fadeInUp   text-center text-lg-start\" data-wow-duration=\".9s\"\r\n                     data-wow-delay=\".5s\">\r\n                           <h2 class=\"tp-cta-title-2\">Your Global Logistics Solution Partner<\/h2>                  <\/div>\r\n               <\/div>\r\n            <\/div>\r\n                        <div class=\"col-xl-3 col-lg-4\">\r\n               <div class=\"tp-cta-2__btn text-center text-lg-start pt-20\">\r\n                  <div class=\"tp-cta-2__btn wow fadeInUp\" data-wow-duration=\".9s\" data-wow-delay=\".7s\">\r\n                    <a href=\"https:\/\/www.kaaninternational.net\/en\/iletisim\/\" target=\"_self\" rel=\"nofollow\" class=\"tp-btn-white\">GET A PRICE OFFER<\/a>\r\n                  <\/div>\r\n               <\/div>\r\n            <\/div>\r\n                     <\/div>\r\n      <\/div>\r\n   <\/div>\r\n\r\n\r\n\t\t\t\t<\/div>\n\t\t\t\t<\/div>\n\t\t\t\t\t<\/div>\n\t\t<\/div>\n\t\t\t\t\t<\/div>\n\t\t<\/section>\n\t\t\t\t<\/div>","protected":false},"excerpt":{"rendered":"<p>D\u00fcnyan\u0131n Farkl\u0131 Yerlerinde Hizmetinizdeyiz \u00dclkeler ve B\u00f6lgeler AVRUPA Bulgaristan Romanya Macaristan Slovakya \u00c7ekya Polonya Litvanya Letonya Estonya Ukrayna Rusya Almanya Avusturya \u0130talya ORTA DO\u011eU Irak \u0130ran Suudi Arabistan L\u00fcbnan Suriye BAE BALKANLAR Bosna Hersek Arnavutluk H\u0131rvatistan Karada\u011f KAFKASLAR Azerbaycan G\u00fcrcistan Ermenistan ORTA VE G\u00dcNEY ASYA T\u00fcrkmenistan K\u0131rgizistan \u00d6zbekistan Pakistan Kazakistan Afganistan Global Lojistik \u00c7\u00f6z\u00fcm Orta\u011f\u0131n\u0131z [&hellip;]<\/p>\n","protected":false},"author":1,"featured_media":0,"parent":0,"menu_order":0,"comment_status":"closed","ping_status":"closed","template":"elementor_header_footer","meta":{"footnotes":""},"class_list":["post-2","page","type-page","status-publish","hentry"],"_links":{"self":[{"href":"https:\/\/www.kaaninternational.net\/en\/wp-json\/wp\/v2\/pages\/2","targetHints":{"allow":["GET"]}}],"collection":[{"href":"https:\/\/www.kaaninternational.net\/en\/wp-json\/wp\/v2\/pages"}],"about":[{"href":"https:\/\/www.kaaninternational.net\/en\/wp-json\/wp\/v2\/types\/page"}],"author":[{"embeddable":true,"href":"https:\/\/www.kaaninternational.net\/en\/wp-json\/wp\/v2\/users\/1"}],"replies":[{"embeddable":true,"href":"https:\/\/www.kaaninternational.net\/en\/wp-json\/wp\/v2\/comments?post=2"}],"version-history":[{"count":24,"href":"https:\/\/www.kaaninternational.net\/en\/wp-json\/wp\/v2\/pages\/2\/revisions"}],"predecessor-version":[{"id":1663,"href":"https:\/\/www.kaaninternational.net\/en\/wp-json\/wp\/v2\/pages\/2\/revisions\/1663"}],"wp:attachment":[{"href":"https:\/\/www.kaaninternational.net\/en\/wp-json\/wp\/v2\/media?parent=2"}],"curies":[{"name":"wp","href":"https:\/\/api.w.org\/{rel}","templated":true}]}}